{"id":25,"date":"2022-05-07T00:36:51","date_gmt":"2022-05-07T03:36:51","guid":{"rendered":"https:\/\/www.tabelionatosaoborja.com.br\/?page_id=25"},"modified":"2022-05-31T14:18:10","modified_gmt":"2022-05-31T17:18:10","slug":"lgpd","status":"publish","type":"page","link":"https:\/\/www.tabelionatosaoborja.com.br\/?page_id=25","title":{"rendered":"LGPD"},"content":{"rendered":"\t\t<div data-elementor-type=\"wp-page\" data-elementor-id=\"25\" class=\"elementor elementor-25\">\n\t\t\t\t\t\t\t\t\t<section class=\"elementor-section elementor-top-section elementor-element elementor-element-8928284 elementor-section-full_width elementor-section-height-default elementor-section-height-default\" data-id=\"8928284\" data-element_type=\"section\">\n\t\t\t\t\t\t<div class=\"elementor-container elementor-column-gap-default\">\n\t\t\t\t\t<div class=\"elementor-column elementor-col-100 elementor-top-column elementor-element elementor-element-adb0a28\" data-id=\"adb0a28\" data-element_type=\"column\">\n\t\t\t<div class=\"elementor-widget-wrap elementor-element-populated\">\n\t\t\t\t\t\t\t\t<div class=\"elementor-element elementor-element-ff2b60b elementor-widget-divider--view-line elementor-widget elementor-widget-divider\" data-id=\"ff2b60b\" data-element_type=\"widget\" data-widget_type=\"divider.default\">\n\t\t\t\t<div class=\"elementor-widget-container\">\n\t\t\t<style>\/*! elementor - v3.6.5 - 27-04-2022 *\/\n.elementor-widget-divider{--divider-border-style:none;--divider-border-width:1px;--divider-color:#2c2c2c;--divider-icon-size:20px;--divider-element-spacing:10px;--divider-pattern-height:24px;--divider-pattern-size:20px;--divider-pattern-url:none;--divider-pattern-repeat:repeat-x}.elementor-widget-divider .elementor-divider{display:-webkit-box;display:-ms-flexbox;display:flex}.elementor-widget-divider .elementor-divider__text{font-size:15px;line-height:1;max-width:95%}.elementor-widget-divider .elementor-divider__element{margin:0 var(--divider-element-spacing);-ms-flex-negative:0;flex-shrink:0}.elementor-widget-divider .elementor-icon{font-size:var(--divider-icon-size)}.elementor-widget-divider .elementor-divider-separator{display:-webkit-box;display:-ms-flexbox;display:flex;margin:0;direction:ltr}.elementor-widget-divider--view-line_icon .elementor-divider-separator,.elementor-widget-divider--view-line_text .elementor-divider-separator{-webkit-box-align:center;-ms-flex-align:center;align-items:center}.elementor-widget-divider--view-line_icon .elementor-divider-separator:after,.elementor-widget-divider--view-line_icon .elementor-divider-separator:before,.elementor-widget-divider--view-line_text .elementor-divider-separator:after,.elementor-widget-divider--view-line_text .elementor-divider-separator:before{display:block;content:\"\";border-bottom:0;-webkit-box-flex:1;-ms-flex-positive:1;flex-grow:1;border-top:var(--divider-border-width) var(--divider-border-style) var(--divider-color)}.elementor-widget-divider--element-align-left .elementor-divider .elementor-divider-separator>.elementor-divider__svg:first-of-type{-webkit-box-flex:0;-ms-flex-positive:0;flex-grow:0;-ms-flex-negative:100;flex-shrink:100}.elementor-widget-divider--element-align-left .elementor-divider-separator:before{content:none}.elementor-widget-divider--element-align-left .elementor-divider__element{margin-left:0}.elementor-widget-divider--element-align-right .elementor-divider .elementor-divider-separator>.elementor-divider__svg:last-of-type{-webkit-box-flex:0;-ms-flex-positive:0;flex-grow:0;-ms-flex-negative:100;flex-shrink:100}.elementor-widget-divider--element-align-right .elementor-divider-separator:after{content:none}.elementor-widget-divider--element-align-right .elementor-divider__element{margin-right:0}.elementor-widget-divider:not(.elementor-widget-divider--view-line_text):not(.elementor-widget-divider--view-line_icon) .elementor-divider-separator{border-top:var(--divider-border-width) var(--divider-border-style) var(--divider-color)}.elementor-widget-divider--separator-type-pattern{--divider-border-style:none}.elementor-widget-divider--separator-type-pattern.elementor-widget-divider--view-line .elementor-divider-separator,.elementor-widget-divider--separator-type-pattern:not(.elementor-widget-divider--view-line) .elementor-divider-separator:after,.elementor-widget-divider--separator-type-pattern:not(.elementor-widget-divider--view-line) .elementor-divider-separator:before,.elementor-widget-divider--separator-type-pattern:not([class*=elementor-widget-divider--view]) .elementor-divider-separator{width:100%;min-height:var(--divider-pattern-height);-webkit-mask-size:var(--divider-pattern-size) 100%;mask-size:var(--divider-pattern-size) 100%;-webkit-mask-repeat:var(--divider-pattern-repeat);mask-repeat:var(--divider-pattern-repeat);background-color:var(--divider-color);-webkit-mask-image:var(--divider-pattern-url);mask-image:var(--divider-pattern-url)}.elementor-widget-divider--no-spacing{--divider-pattern-size:auto}.elementor-widget-divider--bg-round{--divider-pattern-repeat:round}.rtl .elementor-widget-divider .elementor-divider__text{direction:rtl}<\/style>\t\t<div class=\"elementor-divider\">\n\t\t\t<span class=\"elementor-divider-separator\">\n\t\t\t\t\t\t<\/span>\n\t\t<\/div>\n\t\t\t\t<\/div>\n\t\t\t\t<\/div>\n\t\t\t\t\t<\/div>\n\t\t<\/div>\n\t\t\t\t\t\t\t<\/div>\n\t\t<\/section>\n\t\t\t\t<section class=\"elementor-section elementor-top-section elementor-element elementor-element-7f03ced elementor-section-boxed elementor-section-height-default elementor-section-height-default\" data-id=\"7f03ced\" data-element_type=\"section\">\n\t\t\t\t\t\t<div class=\"elementor-container elementor-column-gap-default\">\n\t\t\t\t\t<div class=\"elementor-column elementor-col-100 elementor-top-column elementor-element elementor-element-d229147\" data-id=\"d229147\" data-element_type=\"column\">\n\t\t\t<div class=\"elementor-widget-wrap\">\n\t\t\t\t\t\t\t\t\t<\/div>\n\t\t<\/div>\n\t\t\t\t\t\t\t<\/div>\n\t\t<\/section>\n\t\t\t\t<section class=\"elementor-section elementor-top-section elementor-element elementor-element-5ee2cde elementor-section-boxed elementor-section-height-default elementor-section-height-default\" data-id=\"5ee2cde\" data-element_type=\"section\">\n\t\t\t\t\t\t<div class=\"elementor-container elementor-column-gap-default\">\n\t\t\t\t\t<div class=\"elementor-column elementor-col-50 elementor-top-column elementor-element elementor-element-8ce45e0\" data-id=\"8ce45e0\" data-element_type=\"column\">\n\t\t\t<div class=\"elementor-widget-wrap\">\n\t\t\t\t\t\t\t\t\t<\/div>\n\t\t<\/div>\n\t\t\t\t<div class=\"elementor-column elementor-col-50 elementor-top-column elementor-element elementor-element-a36640e\" data-id=\"a36640e\" data-element_type=\"column\">\n\t\t\t<div class=\"elementor-widget-wrap elementor-element-populated\">\n\t\t\t\t\t\t\t\t<div class=\"elementor-element elementor-element-af44eb1 elementor-widget elementor-widget-wp-widget-wpforms-widget\" data-id=\"af44eb1\" data-element_type=\"widget\" data-widget_type=\"wp-widget-wpforms-widget.default\">\n\t\t\t\t<div class=\"elementor-widget-container\">\n\t\t\t<h5>Solicita\u00e7\u00e3o de Informa\u00e7\u00f5es de Dados Pessoais<\/h5><div class=\"wpforms-container wpforms-container-full\" id=\"wpforms-394\"><form id=\"wpforms-form-394\" class=\"wpforms-validate wpforms-form wpforms-ajax-form\" data-formid=\"394\" method=\"post\" enctype=\"multipart\/form-data\" action=\"\/index.php?rest_route=%2Fwp%2Fv2%2Fpages%2F25\" data-token=\"72b4707682acfa5d51850ffd6de9dd2a\"><noscript class=\"wpforms-error-noscript\">Ative o JavaScript no seu navegador para preencher este formul\u00e1rio.<\/noscript><div class=\"wpforms-field-container\"><div id=\"wpforms-394-field_2-container\" class=\"wpforms-field wpforms-field-text\" data-field-id=\"2\"><label class=\"wpforms-field-label\" for=\"wpforms-394-field_2\">Nome: <span class=\"wpforms-required-label\">*<\/span><\/label><input type=\"text\" id=\"wpforms-394-field_2\" class=\"wpforms-field-large wpforms-field-required\" name=\"wpforms[fields][2]\" required><div class=\"wpforms-field-description\">Informe seu nome completo.<\/div><\/div><div id=\"wpforms-394-field_7-container\" class=\"wpforms-field wpforms-field-text\" data-field-id=\"7\"><label class=\"wpforms-field-label\" for=\"wpforms-394-field_7\">RG: <span class=\"wpforms-required-label\">*<\/span><\/label><input type=\"text\" id=\"wpforms-394-field_7\" class=\"wpforms-field-medium wpforms-field-required\" name=\"wpforms[fields][7]\" required><div class=\"wpforms-field-description\">Este campo \u00e9 de texto livre, informe seu RG e se poss\u00edvel a data de emiss\u00e3o.<\/div><\/div><div id=\"wpforms-394-field_8-container\" class=\"wpforms-field wpforms-field-text\" data-field-id=\"8\"><label class=\"wpforms-field-label\" for=\"wpforms-394-field_8\">CPF: <span class=\"wpforms-required-label\">*<\/span><\/label><input type=\"text\" id=\"wpforms-394-field_8\" class=\"wpforms-field-medium wpforms-field-required\" name=\"wpforms[fields][8]\" required><\/div><div id=\"wpforms-394-field_9-container\" class=\"wpforms-field wpforms-field-email\" data-field-id=\"9\"><label class=\"wpforms-field-label\" for=\"wpforms-394-field_9\">E-mail <span class=\"wpforms-required-label\">*<\/span><\/label><div class=\"wpforms-field-row wpforms-field-large\"><div class=\"wpforms-field-row-block wpforms-one-half wpforms-first\"><input type=\"email\" id=\"wpforms-394-field_9\" class=\"wpforms-field-required wpforms-field-email-primary\" name=\"wpforms[fields][9][primary]\" required><label for=\"wpforms-394-field_9\" class=\"wpforms-field-sublabel after \">E-mail<\/label><\/div><div class=\"wpforms-field-row-block wpforms-one-half\"><input type=\"email\" id=\"wpforms-394-field_9-secondary\" class=\"wpforms-field-email-secondary wpforms-field-required\" data-rule-confirm=\"#wpforms-394-field_9\" name=\"wpforms[fields][9][secondary]\" required><label for=\"wpforms-394-field_9-secondary\" class=\"wpforms-field-sublabel after \">Confirmar e-mail<\/label><\/div><\/div><\/div><div id=\"wpforms-394-field_10-container\" class=\"wpforms-field wpforms-field-text\" data-field-id=\"10\"><label class=\"wpforms-field-label\" for=\"wpforms-394-field_10\">Telefones para Contato: <span class=\"wpforms-required-label\">*<\/span><\/label><input type=\"text\" id=\"wpforms-394-field_10\" class=\"wpforms-field-large wpforms-field-required\" name=\"wpforms[fields][10]\" required><div class=\"wpforms-field-description\">Este campo \u00e9 de texto livre, informe o m\u00e1ximo poss\u00edvel de telefones para contato. Caso seja para recados informar.<\/div><\/div><div id=\"wpforms-394-field_11-container\" class=\"wpforms-field wpforms-field-select wpforms-field-select-style-classic\" data-field-id=\"11\"><label class=\"wpforms-field-label\" for=\"wpforms-394-field_11\">De acordo com a Lei No 13.709, de 14 de agosto de 2018 - Lei Geral de Prote\u00e7\u00e3o de Dados Pessoais (LGPD), SOLICITO a V.Sa. exercer meu direito como TITULAR DOS DADOS para a seguinte situa\u00e7\u00e3o:<\/label><select id=\"wpforms-394-field_11\" class=\"wpforms-field-large\" name=\"wpforms[fields][11]\"><option value=\"Confirma\u00e7\u00e3o de exist\u00eancia de tratamento\"  selected='selected'>Confirma\u00e7\u00e3o de exist\u00eancia de tratamento<\/option><option value=\"Acesso aos dados\" >Acesso aos dados<\/option><option value=\"Corre\u00e7\u00e3o ou atualiza\u00e7\u00e3o dos dados\" >Corre\u00e7\u00e3o ou atualiza\u00e7\u00e3o dos dados<\/option><option value=\"Anonimiza\u00e7\u00e3o, bloqueio ou elimina\u00e7\u00e3o de dados tratados em desconformidade com a lei\" >Anonimiza\u00e7\u00e3o, bloqueio ou elimina\u00e7\u00e3o de dados tratados em desconformidade com a lei<\/option><option value=\"Informa\u00e7\u00f5es das entidades p\u00fablicas e privadas com as quais os dados foram compartilhados\" >Informa\u00e7\u00f5es das entidades p\u00fablicas e privadas com as quais os dados foram compartilhados<\/option><option value=\"Veda\u00e7\u00e3o de compartilhamento de dados\" >Veda\u00e7\u00e3o de compartilhamento de dados<\/option><option value=\"Exclus\u00e3o de dados pessoais tratados com o consentimento\" >Exclus\u00e3o de dados pessoais tratados com o consentimento<\/option><option value=\"Revoga\u00e7\u00e3o do consentimento\" >Revoga\u00e7\u00e3o do consentimento<\/option><option value=\"Oposi\u00e7\u00e3o de tratamento de dados tratados com o Leg\u00edtimo Interesse nos termos da Pol\u00edtica de Privacidade\" >Oposi\u00e7\u00e3o de tratamento de dados tratados com o Leg\u00edtimo Interesse nos termos da Pol\u00edtica de Privacidade<\/option><option value=\"Outro assunto referente a Lei 13.709\/18\" >Outro assunto referente a Lei 13.709\/18<\/option><\/select><div class=\"wpforms-field-description\">Encontre na lista o assunto a que se trata este contato com o DPO.<\/div><\/div><div id=\"wpforms-394-field_12-container\" class=\"wpforms-field wpforms-field-textarea\" data-field-id=\"12\"><label class=\"wpforms-field-label\" for=\"wpforms-394-field_12\">Sua solicita\u00e7\u00e3o: <span class=\"wpforms-required-label\">*<\/span><\/label><textarea id=\"wpforms-394-field_12\" class=\"wpforms-field-medium wpforms-field-required\" name=\"wpforms[fields][12]\" required><\/textarea><\/div><\/div><div class=\"wpforms-submit-container\"><input type=\"hidden\" name=\"wpforms[id]\" value=\"394\"><input type=\"hidden\" name=\"wpforms[author]\" value=\"1\"><button type=\"submit\" name=\"wpforms[submit]\" id=\"wpforms-submit-394\" class=\"wpforms-submit\" data-alt-text=\"Enviando...\" data-submit-text=\"Enviar para o DPO (Encarregado da Prote\u00e7\u00e3o de Dados)\" aria-live=\"assertive\" value=\"wpforms-submit\">Enviar para o DPO (Encarregado da Prote\u00e7\u00e3o de Dados)<\/button><img loading=\"lazy\" decoding=\"async\" src=\"https:\/\/www.tabelionatosaoborja.com.br\/wp-content\/plugins\/wpforms-lite\/assets\/images\/submit-spin.svg\" class=\"wpforms-submit-spinner\" style=\"display: none;\" width=\"26\" height=\"26\" alt=\"\"><\/div><\/form><\/div>  <!-- .wpforms-container -->\t\t<\/div>\n\t\t\t\t<\/div>\n\t\t\t\t\t<\/div>\n\t\t<\/div>\n\t\t\t\t\t\t\t<\/div>\n\t\t<\/section>\n\t\t\t\t<section class=\"elementor-section elementor-top-section elementor-element elementor-element-ad5af51 elementor-section-full_width elementor-section-height-default elementor-section-height-default\" data-id=\"ad5af51\" data-element_type=\"section\">\n\t\t\t\t\t\t<div class=\"elementor-container elementor-column-gap-default\">\n\t\t\t\t\t<div class=\"elementor-column elementor-col-100 elementor-top-column elementor-element elementor-element-d529c5a\" data-id=\"d529c5a\" data-element_type=\"column\">\n\t\t\t<div class=\"elementor-widget-wrap elementor-element-populated\">\n\t\t\t\t\t\t\t\t<div class=\"elementor-element elementor-element-5f1f369 elementor-widget-divider--view-line elementor-widget elementor-widget-divider\" data-id=\"5f1f369\" data-element_type=\"widget\" data-widget_type=\"divider.default\">\n\t\t\t\t<div class=\"elementor-widget-container\">\n\t\t\t\t\t<div class=\"elementor-divider\">\n\t\t\t<span class=\"elementor-divider-separator\">\n\t\t\t\t\t\t<\/span>\n\t\t<\/div>\n\t\t\t\t<\/div>\n\t\t\t\t<\/div>\n\t\t\t\t\t<\/div>\n\t\t<\/div>\n\t\t\t\t\t\t\t<\/div>\n\t\t<\/section>\n\t\t\t\t\t\t\t<\/div>\n\t\t","protected":false},"excerpt":{"rendered":"","protected":false},"author":1,"featured_media":0,"parent":0,"menu_order":0,"comment_status":"closed","ping_status":"closed","template":"elementor_canvas","meta":{"site-sidebar-layout":"no-sidebar","site-content-layout":"page-builder","ast-global-header-display":"","ast-main-header-display":"","ast-hfb-above-header-display":"","ast-hfb-below-header-display":"","ast-hfb-mobile-header-display":"","site-post-title":"disabled","ast-breadcrumbs-content":"","ast-featured-img":"disabled","footer-sml-layout":"","theme-transparent-header-meta":"","adv-header-id-meta":"","stick-header-meta":"","header-above-stick-meta":"","header-main-stick-meta":"","header-below-stick-meta":"","footnotes":""},"class_list":["post-25","page","type-page","status-publish","hentry"],"_links":{"self":[{"href":"https:\/\/www.tabelionatosaoborja.com.br\/index.php?rest_route=\/wp\/v2\/pages\/25","targetHints":{"allow":["GET"]}}],"collection":[{"href":"https:\/\/www.tabelionatosaoborja.com.br\/index.php?rest_route=\/wp\/v2\/pages"}],"about":[{"href":"https:\/\/www.tabelionatosaoborja.com.br\/index.php?rest_route=\/wp\/v2\/types\/page"}],"author":[{"embeddable":true,"href":"https:\/\/www.tabelionatosaoborja.com.br\/index.php?rest_route=\/wp\/v2\/users\/1"}],"replies":[{"embeddable":true,"href":"https:\/\/www.tabelionatosaoborja.com.br\/index.php?rest_route=%2Fwp%2Fv2%2Fcomments&post=25"}],"version-history":[{"count":13,"href":"https:\/\/www.tabelionatosaoborja.com.br\/index.php?rest_route=\/wp\/v2\/pages\/25\/revisions"}],"predecessor-version":[{"id":407,"href":"https:\/\/www.tabelionatosaoborja.com.br\/index.php?rest_route=\/wp\/v2\/pages\/25\/revisions\/407"}],"wp:attachment":[{"href":"https:\/\/www.tabelionatosaoborja.com.br\/index.php?rest_route=%2Fwp%2Fv2%2Fmedia&parent=25"}],"curies":[{"name":"wp","href":"https:\/\/api.w.org\/{rel}","templated":true}]}}